{"id":1365,"date":"2025-07-23T12:39:53","date_gmt":"2025-07-23T10:39:53","guid":{"rendered":"http:\/\/tomeu-charter.local\/?page_id=1365"},"modified":"2026-04-02T20:32:10","modified_gmt":"2026-04-02T18:32:10","slug":"aviso-legal","status":"publish","type":"page","link":"https:\/\/tomeucharter.com\/en\/aviso-legal\/","title":{"rendered":"Legal Notice"},"content":{"rendered":"<div data-elementor-type=\"wp-page\" data-elementor-id=\"1365\" class=\"elementor elementor-1365\">\n\t\t\t\t<div class=\"elementor-element elementor-element-a56eba2 e-con-full hero-aineta e-flex e-con e-parent\" data-id=\"a56eba2\" data-element_type=\"container\" data-e-type=\"container\" data-settings=\"{&quot;background_background&quot;:&quot;classic&quot;}\">\n\t\t\t\t<div class=\"elementor-element elementor-element-739d78d elementor-widget__width-initial elementor-widget elementor-widget-text-editor\" data-id=\"739d78d\" data-element_type=\"widget\" data-e-type=\"widget\" data-widget_type=\"text-editor.default\">\n\t\t\t\t<div class=\"elementor-widget-container\">\n\t\t\t\t\t\t\t\t\t<main id=\"PAGES_CONTAINER\" class=\"PAGES_CONTAINER\" tabindex=\"-1\" data-main-content=\"true\"><div id=\"SITE_PAGES\" class=\"JsJXaX SITE_PAGES\"><div id=\"SITE_PAGES_TRANSITION_GROUP\" class=\"AnQkDU\"><div id=\"svbdq\" class=\"fEm0Bo zK7MhX svbdq\"><div class=\"FVGvCX\"><div id=\"Containersvbdq\" class=\"Containersvbdq SPY_vo\"><div class=\"\" data-mesh-id=\"ContainersvbdqinlineContent\" data-testid=\"inline-content\"><div data-mesh-id=\"ContainersvbdqinlineContent-gridContainer\" data-testid=\"mesh-container-content\"><section id=\"comp-lul291rm\" class=\"Oqnisf comp-lul291rm wixui-section\" tabindex=\"-1\" data-block-level-container=\"ClassicSection\" aria-label=\"main content\"><div class=\"\" data-mesh-id=\"comp-lul291rminlineContent\" data-testid=\"inline-content\"><div data-mesh-id=\"comp-lul291rminlineContent-gridContainer\" data-testid=\"mesh-container-content\"><div id=\"comp-lul2dt7z\" class=\"Z_l5lU ku3DBC zQ9jDz qvSjx3 Vq6kJx comp-lul2dt7z wixui-rich-text\" data-testid=\"richTextElement\"><p class=\"font_8 wixui-rich-text__text\"><span class=\"wixui-rich-text__text\">Introducci\u00f3n<\/span><\/p><p class=\"font_8 wixui-rich-text__text\">En cumplimiento de la Ley 34\/2002, de 11 de julio, de Servicios de la Sociedad de la Informaci\u00f3n y de Comercio Electr\u00f3nico (LSSI-CE), ALEXANDRE BAUZA TOGORES informa que es titular del sitio web. De acuerdo con la exigencia del art\u00edculo 10 de la citada Ley, ALEXANDRE BAUZA TOGORES informa de los siguientes datos:<\/p><p class=\"font_8 wixui-rich-text__text\"><span class=\"wixGuard wixui-rich-text__text\">\u200b<\/span><\/p><p class=\"font_8 wixui-rich-text__text\">ALEXANDRE BAUZA TOGORES &#8211; RAZ\u00d3N SOCIAL<\/p><p class=\"font_8 wixui-rich-text__text\">78220054K-NIF<\/p><p class=\"font_8 wixui-rich-text__text\"><a class=\"wixui-rich-text__text\" href=\"https:\/\/tomeucharter.com\/en\/\" target=\"_blank\" rel=\"noopener\" data-auto-recognition=\"true\">WWW.TOMEUCHARTER.COM<\/a>\u00a0&#8211; DOMINIO<\/p><p class=\"font_8 wixui-rich-text__text\">CL CANALETA 4, 4o B,07300 INCA(ILLES BALEARS) &#8211; DIRECCI\u00d3N POSTAL<\/p><p class=\"font_8 wixui-rich-text__text\">DIRECCI\u00d3N ELECTR\u00d3NICA-\u00a0<a class=\"wixui-rich-text__text\" href=\"mailto:tomeu_charter@outlook.es\" data-auto-recognition=\"true\">tomeu_charter@outlook.es<\/a><\/p><p class=\"font_8 wixui-rich-text__text\">638574045 &#8211; TEL\u00c9FONOS<\/p><p class=\"font_8 wixui-rich-text__text\"><span class=\"wixGuard wixui-rich-text__text\">\u200b<\/span><\/p><p class=\"font_8 wixui-rich-text__text\"><span class=\"wixui-rich-text__text\">Usuario y r\u00e9gimen de responsabilidades<\/span><\/p><p class=\"font_8 wixui-rich-text__text\">La navegaci\u00f3n, acceso y uso por el sitio web de ALEXANDRE BAUZA TOGORES confiere la condici\u00f3n de usuario.<\/p><p class=\"font_8 wixui-rich-text__text\">El sitio web de ALEXANDRE BAUZA TOGORES proporciona gran diversidad de informaci\u00f3n, servicios y datos. El usuario asume su responsabilidad en el uso correcto del sitio web. Esta responsabilidad se extender\u00e1 a:<\/p><p class=\"font_8 wixui-rich-text__text\">-La veracidad y licitud de las informaciones aportadas por el usuario en los formularios extendidos por ALEXANDRE BAUZA TOGORES para el acceso a ciertos contenidos o servicios ofrecidos por el web.<\/p><p class=\"font_8 wixui-rich-text__text\">&#8211; El uso de la informaci\u00f3n, servicios y datos ofrecidos por ALEXANDRE BAUZA TOGORES contrariamente a lo dispuesto por las presentes condiciones, la Ley, la moral, las buenas costumbres o el orden p\u00fablico, o que de cualquier otro modo puedan suponer lesi\u00f3n de los derechos de terceros o del mismo funcionamiento del sitio web.<\/p><p class=\"font_8 wixui-rich-text__text\">\u00a0<\/p><p class=\"font_8 wixui-rich-text__text\"><span class=\"wixui-rich-text__text\">Pol\u00edtica de enlaces y exenciones de responsabilidad<\/span><\/p><p class=\"font_8 wixui-rich-text__text\">ALEXANDRE BAUZA TOGORES no se hace responsable del contenido de los sitios web a los que el usuario pueda acceder a trav\u00e9s de los enlaces establecidos en su sitio web, siempre que no tenga conocimiento efectivo de que la actividad o la informaci\u00f3n a la que remite o recomienda es il\u00edcita o de que lesiona bienes o derechos de<\/p><p class=\"font_8 wixui-rich-text__text\">seguridad en la relaci\u00f3n con terceros \u00b7 servicio compliance<\/p><p class=\"font_8 wixui-rich-text__text\">un tercero susceptibles de indemnizaci\u00f3n, o, en caso de tenerlo, act\u00fae con diligencia para suprimir o inutilizar el enlace correspondiente.<\/p><p class=\"font_8 wixui-rich-text__text\">Se entender\u00e1 que ALEXANDRE BAUZA TOGORES tiene el conocimiento efectivo a que se refiere el p\u00e1rrafo anterior cuando un \u00f3rgano competente haya declarado la ilicitud de los datos, ordenado su retirada o que se imposibilite el acceso a los mismos, o se hubiera declarado la existencia de la lesi\u00f3n, y ALEXANDRE BAUZA TOGORES conociera la correspondiente resoluci\u00f3n, sin perjuicio de los procedimientos de detecci\u00f3n y retirada de contenidos que ALEXANDRE BAUZA TOGORES aplique en virtud de acuerdos voluntarios y de otros medios de conocimiento efectivo que pudieran establecerse.<\/p><p class=\"font_8 wixui-rich-text__text\">ALEXANDRE BAUZA TOGORES declara haber adoptado todas las medidas necesarias para evitar cualquier da\u00f1o a los usuarios de su sitio web, que pudieran derivarse de la navegaci\u00f3n por su sitio web. En consecuencia, ALEXANDRE BAUZA TOGORES no se hace responsable, en ning\u00fan caso, de los eventuales da\u00f1os que por la navegaci\u00f3n por Internet pudiera sufrir el usuario. Asimismo, tampoco garantizar\u00e1 la disponibilidad t\u00e9cnica, exactitud, veracidad, validez o legalidad de sitios ajenos a su propiedad a los que se pueda acceder por medio de los enlaces.<\/p><p class=\"font_8 wixui-rich-text__text\">\u00a0<\/p><p class=\"font_8 wixui-rich-text__text\"><span class=\"wixui-rich-text__text\">Modificaciones<\/span><\/p><p class=\"font_8 wixui-rich-text__text\">ALEXANDRE BAUZA TOGORES se reserva el derecho a realizar las modificaciones que considere oportunas, sin aviso previo, en el contenido de su sitio web. Tanto en lo referente a los contenidos del sitio web, como en las condiciones de uso del mismo, o en las condiciones generales de contrataci\u00f3n. Los cambios a los que hace referencia este apartado, no afectar\u00e1n a las contrataciones realizadas con fecha anterior a la fecha de publicaci\u00f3n de los mismos.<\/p><p class=\"font_8 wixui-rich-text__text\">Dichas modificaciones podr\u00e1n realizarse a trav\u00e9s de su sitio web por cualquier forma admisible en derecho y ser\u00e1n de obligado cumplimiento durante el tiempo en que se encuentren publicadas en el web y hasta que no sean modificadas v\u00e1lidamente por otras posteriores.<\/p><p class=\"font_8 wixui-rich-text__text\"><span class=\"wixGuard wixui-rich-text__text\">\u200b<\/span><\/p><p class=\"font_8 wixui-rich-text__text\"><span class=\"wixui-rich-text__text\">Indicaci\u00f3n de precios<\/span><\/p><p class=\"font_8 wixui-rich-text__text\">En caso de que se muestren precios de productos y\/o servicios, los indicados en pantalla ser\u00e1n los vigentes en cada momento. Los precios ser\u00e1n indicados en euros y tendr\u00e1n incorporado el Impuesto sobre el Valor A\u00f1adido (IVA). En caso de que no se incorpore el IVA en el precio, se indicar\u00e1 de manera expresa y se permitir\u00e1 al usuario visualizar el precio final completo.<\/p><p class=\"font_8 wixui-rich-text__text\">Asimismo, si fuera aplicable cualquier otro impuesto, as\u00ed se indicar\u00eda, incluyendo, en su caso, el importe de los incrementos o descuentos que sean de aplicaci\u00f3n a la oferta y los gastos adicionales que puedan repercutir al consumidor o usuario.<\/p><p class=\"font_8 wixui-rich-text__text\">\u00a0<\/p><p class=\"font_8 wixui-rich-text__text\"><span class=\"wixui-rich-text__text\">Propiedad intelectual e industrial<\/span><\/p><p class=\"font_8 wixui-rich-text__text\">ALEXANDRE BAUZA TOGORES por s\u00ed misma o como cesionaria, es titular de todos los derechos de propiedad intelectual e industrial de su p\u00e1gina web, as\u00ed como de los elementos contenidos en la misma (a t\u00edtulo enunciativo, im\u00e1genes, sonido, audio, v\u00eddeo, software o textos; marcas o logotipos, combinaciones de colores, estructura y dise\u00f1o, selecci\u00f3n de materiales usados, programas de ordenador necesarios para su funcionamiento, acceso y uso, etc.), titularidad de ALEXANDRE BAUZA TOGORES. Ser\u00e1n, por consiguiente, obras protegidas como propiedad intelectual por el ordenamiento jur\u00eddico espa\u00f1ol, si\u00e9ndoles aplicables tanto la normativa espa\u00f1ola y comunitaria en este campo, como los tratados internacionales relativos a la materia y suscritos por Espa\u00f1a.<\/p><p class=\"font_8 wixui-rich-text__text\">Todos los derechos reservados. En virtud de lo dispuesto en la Ley de Propiedad Intelectual, quedan expresamente prohibidas la reproducci\u00f3n, la distribuci\u00f3n y la comunicaci\u00f3n p\u00fablica, incluida su modalidad de<\/p><p class=\"font_8 wixui-rich-text__text\">seguridad en la relaci\u00f3n con terceros \u00b7 servicio compliance<\/p><p class=\"font_8 wixui-rich-text__text\">puesta a disposici\u00f3n, de la totalidad o parte de los contenidos de esta p\u00e1gina web, con fines comerciales, en cualquier soporte y por cualquier medio t\u00e9cnico, sin la autorizaci\u00f3n de ALEXANDRE BAUZA TOGORES.<\/p><p class=\"font_8 wixui-rich-text__text\">El usuario se compromete a respetar los derechos de Propiedad Intelectual e Industrial titularidad de ALEXANDRE BAUZA TOGORES. Podr\u00e1 visualizar los elementos del portal e incluso imprimirlos, copiarlos y almacenarlos en el disco duro de su ordenador o en cualquier otro soporte f\u00edsico siempre y cuando sea, \u00fanica y exclusivamente, para su uso personal y privado. El usuario deber\u00e1 abstenerse de suprimir, alterar, eludir o manipular cualquier dispositivo de protecci\u00f3n o sistema de seguridad que estuviera instalado en las p\u00e1ginas de ALEXANDRE BAUZA TOGORES.<\/p><p class=\"font_8 wixui-rich-text__text\"><span class=\"wixGuard wixui-rich-text__text\">\u200b<\/span><\/p><p class=\"font_8 wixui-rich-text__text\"><span class=\"wixui-rich-text__text\">Certificado SSL (secure sockets layer)<\/span><\/p><p class=\"font_8 wixui-rich-text__text\">El CERTIFICADO SSL proporciona autenticaci\u00f3n, privacidad y seguridad de la informaci\u00f3n entre ALEXANDRE BAUZA TOGORES y el usuario.<\/p><p class=\"font_8 wixui-rich-text__text\">ALEXANDRE BAUZA TOGORES dispone de un certificado de seguridad que se utiliza por CERTIFICADO SSL para realizar conexiones seguras.<\/p><p class=\"font_8 wixui-rich-text__text\">En este proceso se establecen varios par\u00e1metros para realizar la conexi\u00f3n de forma segura y se establece usando llaves preestablecidas, codificando y descodificando todos los datos enviados hasta que la conexi\u00f3n sea cerrada.<\/p><p class=\"font_8 wixui-rich-text__text\"><span class=\"wixGuard wixui-rich-text__text\">\u200b<\/span><\/p><p class=\"font_8 wixui-rich-text__text\"><span class=\"wixui-rich-text__text\">Acciones legales, legislaci\u00f3n aplicable y jurisdicci\u00f3n<\/span><\/p><p class=\"font_8 wixui-rich-text__text\">Si el usuario desea presentar una reclamaci\u00f3n, deber\u00e1 contactar mediante el correo electr\u00f3nico\u00a0<a class=\"wixui-rich-text__text\" href=\"mailto:tomeu_charter@outlook.es\" data-auto-recognition=\"true\">tomeu_charter@outlook.es<\/a>. Asimismo, ALEXANDRE BAUZA TOGORES dispone de hojas oficiales de reclamaci\u00f3n a disposici\u00f3n de los consumidores y usuarios.<\/p><p class=\"font_8 wixui-rich-text__text\">ALEXANDRE BAUZA TOGORES se reserva la facultad de presentar las acciones civiles o penales que considere oportunas por la utilizaci\u00f3n indebida de su sitio web y contenidos, o por el incumplimiento de las presentes condiciones.<\/p><p class=\"font_8 wixui-rich-text__text\">La relaci\u00f3n entre el usuario y el prestador se regir\u00e1 por la normativa vigente y de aplicaci\u00f3n en el territorio espa\u00f1ol. De surgir cualquier controversia las partes podr\u00e1n someter sus conflictos a arbitraje o acudir a la jurisdicci\u00f3n ordinaria cumpliendo con las normas sobre jurisdicci\u00f3n y competencia al respecto. ALEXANDRE BAUZA TOGORES tiene su domicilio en ILLES BALEARS, Espa\u00f1a.<\/p><p class=\"font_8 wixui-rich-text__text\">Los contratos celebrados por v\u00eda electr\u00f3nica en los que intervenga como parte un consumidor, se presumir\u00e1n celebrados en el lugar en que \u00e9ste tenga su residencia habitual.<\/p><p class=\"font_8 wixui-rich-text__text\">Los contratos electr\u00f3nicos entre empresarios o profesionales, en defecto de pacto entre las partes, se presumir\u00e1n celebrados en el lugar en que est\u00e9 establecido el prestador de servicios.<\/p><p class=\"font_8 wixui-rich-text__text\">Resoluci\u00f3n de litigios en l\u00ednea conforme al Art. 14.1 del Reglamento (UE) 524\/2013: La Comisi\u00f3n Europea facilita una plataforma de resoluci\u00f3n de litigios en l\u00ednea, la cual se encuentra disponible en el siguiente enlace:\u00a0<a class=\"wixui-rich-text__text\" href=\"https:\/\/ec.europa.eu\/consumers\/odr\/\" target=\"_blank\" rel=\"noopener\" data-auto-recognition=\"true\">https:\/\/ec.europa.eu\/consumers\/odr\/<\/a><\/p><p class=\"font_8 wixui-rich-text__text\"><span class=\"wixui-rich-text__text\">\u00daLTIMA ACTUALIZACI\u00d3N: 17 de mayo de 2023<\/span><\/p><\/div><\/div><\/div><\/section><\/div><\/div><\/div><\/div><\/div><\/div><\/div><\/main><footer id=\"SITE_FOOTER\" class=\"xU8fqS SITE_FOOTER wixui-footer\" tabindex=\"-1\"><div class=\"_C0cVf\">\u00a0<\/div><\/footer>\t\t\t\t\t\t\t\t<\/div>\n\t\t\t\t<\/div>\n\t\t\t\t<\/div>\n\t\t\t\t<\/div>","protected":false},"excerpt":{"rendered":"<p>Introducci\u00f3n En cumplimiento de la Ley 34\/2002, de 11 de julio, de Servicios de la Sociedad de la Informaci\u00f3n y de Comercio Electr\u00f3nico (LSSI-CE), ALEXANDRE BAUZA TOGORES informa que es titular del sitio web. De acuerdo con la exigencia del art\u00edculo 10 de la citada Ley, ALEXANDRE BAUZA TOGORES informa de los siguientes datos: \u200b&#8230;<\/p>","protected":false},"author":1,"featured_media":0,"parent":0,"menu_order":0,"comment_status":"closed","ping_status":"closed","template":"","meta":{"_kadence_starter_templates_imported_post":false,"_kad_post_transparent":"","_kad_post_title":"hide","_kad_post_layout":"fullwidth","_kad_post_sidebar_id":"","_kad_post_content_style":"unboxed","_kad_post_vertical_padding":"hide","_kad_post_feature":"hide","_kad_post_feature_position":"","_kad_post_header":false,"_kad_post_footer":false,"footnotes":""},"class_list":["post-1365","page","type-page","status-publish","hentry"],"_links":{"self":[{"href":"https:\/\/tomeucharter.com\/en\/wp-json\/wp\/v2\/pages\/1365","targetHints":{"allow":["GET"]}}],"collection":[{"href":"https:\/\/tomeucharter.com\/en\/wp-json\/wp\/v2\/pages"}],"about":[{"href":"https:\/\/tomeucharter.com\/en\/wp-json\/wp\/v2\/types\/page"}],"author":[{"embeddable":true,"href":"https:\/\/tomeucharter.com\/en\/wp-json\/wp\/v2\/users\/1"}],"replies":[{"embeddable":true,"href":"https:\/\/tomeucharter.com\/en\/wp-json\/wp\/v2\/comments?post=1365"}],"version-history":[{"count":8,"href":"https:\/\/tomeucharter.com\/en\/wp-json\/wp\/v2\/pages\/1365\/revisions"}],"predecessor-version":[{"id":1919,"href":"https:\/\/tomeucharter.com\/en\/wp-json\/wp\/v2\/pages\/1365\/revisions\/1919"}],"wp:attachment":[{"href":"https:\/\/tomeucharter.com\/en\/wp-json\/wp\/v2\/media?parent=1365"}],"curies":[{"name":"wp","href":"https:\/\/api.w.org\/{rel}","templated":true}]}}